{"id":86,"date":"2021-03-29T10:56:22","date_gmt":"2021-03-29T15:56:22","guid":{"rendered":"https:\/\/www.piecesenligne.ca\/?post_type=product&#038;p=86"},"modified":"2025-09-15T17:58:42","modified_gmt":"2025-09-15T22:58:42","slug":"moteur-1-hp-575-v-1140-tr-min-triphase-60-hz","status":"publish","type":"product","link":"https:\/\/piecesenligne.ca\/en\/product\/moteur-1-hp-575-v-1140-tr-min-triphase-60-hz\/","title":{"rendered":"Moteur 1 HP 575 V &#8211; 1140 tr\/min &#8211; Triphas\u00e9 60 Hz"},"content":{"rendered":"","protected":false},"excerpt":{"rendered":"<p>Moteur triphas\u00e9<\/p>\n<p>Ce moteur peut \u00eatre install\u00e9 \u00e0 l&#8217;ext\u00e9rieur. Il doit \u00eatre mont\u00e9 dans le flux d&#8217;air du ventilateur pour un refroidissement ad\u00e9quat. \u00c0 utiliser sur les unit\u00e9s Trane, Carrier, Climatrol et York. 5 tonnes et plus.<\/p>\n","protected":false},"featured_media":87,"comment_status":"open","ping_status":"closed","template":"","meta":[],"_links":{"self":[{"href":"https:\/\/piecesenligne.ca\/en\/wp-json\/wp\/v2\/product\/86"}],"collection":[{"href":"https:\/\/piecesenligne.ca\/en\/wp-json\/wp\/v2\/product"}],"about":[{"href":"https:\/\/piecesenligne.ca\/en\/wp-json\/wp\/v2\/types\/product"}],"replies":[{"embeddable":true,"href":"https:\/\/piecesenligne.ca\/en\/wp-json\/wp\/v2\/comments?post=86"}],"wp:featuredmedia":[{"embeddable":true,"href":"https:\/\/piecesenligne.ca\/en\/wp-json\/wp\/v2\/media\/87"}],"wp:attachment":[{"href":"https:\/\/piecesenligne.ca\/en\/wp-json\/wp\/v2\/media?parent=86"}],"curies":[{"name":"wp","href":"https:\/\/api.w.org\/{rel}","templated":true}]}}