{"id":80,"date":"2021-03-29T10:02:58","date_gmt":"2021-03-29T15:02:58","guid":{"rendered":"https:\/\/www.piecesenligne.ca\/?post_type=product&#038;p=80"},"modified":"2025-09-15T17:58:44","modified_gmt":"2025-09-15T22:58:44","slug":"3-filtres-de-20-x-20-x-5-4-7-8","status":"publish","type":"product","link":"https:\/\/piecesenligne.ca\/en\/product\/3-filtres-de-20-x-20-x-5-4-7-8\/","title":{"rendered":"3 filtres de 20 x 20 x 5"},"content":{"rendered":"","protected":false},"excerpt":{"rendered":"<p><span style=\"font-family: Arial;\">Contient 3 filtres 20 x 20 x 5 (4 7\/8&#8243;).<\/span><\/p>\n<p><span style=\"font-family: Arial;\">&#8211; Merv 11 QUALIT\u00c9 DE HAUTE EFFICACIT\u00c9<br \/>\n&#8211; Filtres \u00e0 air conformes \u00e0 la norme ASHRAE 52.2<br \/>\n&#8211; Filtre \u00e0 plis en V pour une meilleure efficacit\u00e9<br \/>\n&#8211; M\u00e9dia synth\u00e9tique \u00e0 grillage m\u00e9tallique galvanis\u00e9<br \/>\n&#8211; Grandeur r\u00e9elle : 19 3\/4&#8243; x 20 1\/2&#8243; x 4 7\/8&#8243;<br \/>\n&#8211; Dur\u00e9e de vie: maximum 6 mois<br \/>\n<\/span><\/p>\n<p><strong>Avantages<\/strong><br \/>\n<span style=\"font-family: Arial;\">&#8211; Nos filtres g\u00e9n\u00e9riques sont de qualit\u00e9s \u00e9quivalentes ou sup\u00e9rieur<br \/>\n&#8211; Filtre pliss\u00e9, lamin\u00e9 et recycl\u00e9, compatible pour tous les appareils<br \/>\n&#8211; De longue dur\u00e9e \u00e0 prix \u00e9conomique<br \/>\n&#8211; Am\u00e9liore la qualit\u00e9 de l&#8217;air ambiant<br \/>\n&#8211; Filtration de qualit\u00e9 sup\u00e9rieure. 100% m\u00e9canique.<br \/>\n&#8211; Supprime plusieurs particules en suspension gr\u00e2ce \u00e0 leur syst\u00e8me en V<br \/>\n&#8211; \u00c9limine plusieurs contaminants et filtre la poussi\u00e8re de votre maison<br \/>\n&#8211; De qualit\u00e9 \u00e9quivalente \u00e0 toutes les marques<br \/>\n&#8211; Compatible : TRION, CAMFILL, HONEYWELL, CARRIER, LENNOX, YORK, BRYANT, GENERAL AIRE, \u00c9PURAIR, R\u00c9SERVEPRO, A\u00c9ROSTAR, MAXI AIR etc.<\/span><\/p>\n<p>&nbsp;<\/p>\n","protected":false},"featured_media":81,"comment_status":"open","ping_status":"closed","template":"","meta":[],"_links":{"self":[{"href":"https:\/\/piecesenligne.ca\/en\/wp-json\/wp\/v2\/product\/80"}],"collection":[{"href":"https:\/\/piecesenligne.ca\/en\/wp-json\/wp\/v2\/product"}],"about":[{"href":"https:\/\/piecesenligne.ca\/en\/wp-json\/wp\/v2\/types\/product"}],"replies":[{"embeddable":true,"href":"https:\/\/piecesenligne.ca\/en\/wp-json\/wp\/v2\/comments?post=80"}],"wp:featuredmedia":[{"embeddable":true,"href":"https:\/\/piecesenligne.ca\/en\/wp-json\/wp\/v2\/media\/81"}],"wp:attachment":[{"href":"https:\/\/piecesenligne.ca\/en\/wp-json\/wp\/v2\/media?parent=80"}],"curies":[{"name":"wp","href":"https:\/\/api.w.org\/{rel}","templated":true}]}}