{"id":78,"date":"2021-03-29T09:55:43","date_gmt":"2021-03-29T14:55:43","guid":{"rendered":"https:\/\/www.piecesenligne.ca\/?post_type=product&#038;p=78"},"modified":"2025-09-15T17:58:44","modified_gmt":"2025-09-15T22:58:44","slug":"filtre-lavable-20-x-25","status":"publish","type":"product","link":"https:\/\/piecesenligne.ca\/en\/product\/filtre-lavable-20-x-25\/","title":{"rendered":"Filtre lavable 20 x 25"},"content":{"rendered":"","protected":false},"excerpt":{"rendered":"<p>Le filtre lavable \u00e9lectrostatique utilise l\u2019\u00e9lectricit\u00e9 statique afin de cr\u00e9er un nettoyeur d\u2019air passif (non \u00e9lectrique).<\/p>\n<p>Deux membranes de polypropyl\u00e8ne superpos\u00e9es cr\u00e9ent une charge inoffensive d\u2019\u00e9lectricit\u00e9 statique qui attire et retient les poussi\u00e8res allerg\u00e8nes en suspension dans l\u2019air<br \/>\nde la maison.<\/p>\n<p>Le filtre \u00e9lectrostatique pr\u00e9sente une pression initiale de 0,15 et capte la poussi\u00e8re avec un rendement gravim\u00e9trique<br \/>\natteignant 94%. La poussi\u00e8re que l\u2019on retrouve dans une maison est principalement compos\u00e9e de peau s\u00e8che humaine, de fibres provenant de diff\u00e9rents<br \/>\ntissus, de plumes ou autres mat\u00e9riaux de rembourrage.<\/p>\n<p>De plus, il ne requiert aucune installation co\u00fbteuse ni aucune modification aux syst\u00e8mes CVC existants.<\/p>\n<p>Pour pr\u00e9server son efficacit\u00e9, le filtre \u00e9lectrostatique doit \u00eatre nettoy\u00e9 r\u00e9guli\u00e8rement, tous les 30 \u00e0 60 jours.<\/p>\n<p>Pour le nettoyer; rincer dans le sens oppos\u00e9 de la fl\u00e8che indiquant le sens du passage de l\u2019air, s\u00e9cher et r\u00e9installer.<\/p>\n","protected":false},"featured_media":74,"comment_status":"open","ping_status":"closed","template":"","meta":[],"_links":{"self":[{"href":"https:\/\/piecesenligne.ca\/en\/wp-json\/wp\/v2\/product\/78"}],"collection":[{"href":"https:\/\/piecesenligne.ca\/en\/wp-json\/wp\/v2\/product"}],"about":[{"href":"https:\/\/piecesenligne.ca\/en\/wp-json\/wp\/v2\/types\/product"}],"replies":[{"embeddable":true,"href":"https:\/\/piecesenligne.ca\/en\/wp-json\/wp\/v2\/comments?post=78"}],"wp:featuredmedia":[{"embeddable":true,"href":"https:\/\/piecesenligne.ca\/en\/wp-json\/wp\/v2\/media\/74"}],"wp:attachment":[{"href":"https:\/\/piecesenligne.ca\/en\/wp-json\/wp\/v2\/media?parent=78"}],"curies":[{"name":"wp","href":"https:\/\/api.w.org\/{rel}","templated":true}]}}