{"id":66,"date":"2021-03-23T12:23:53","date_gmt":"2021-03-23T17:23:53","guid":{"rendered":"https:\/\/www.piecesenligne.ca\/?post_type=product&#038;p=66"},"modified":"2025-09-15T17:59:14","modified_gmt":"2025-09-15T22:59:14","slug":"transformateur-ht01bd459","status":"publish","type":"product","link":"https:\/\/piecesenligne.ca\/en\/product\/transformateur-ht01bd459\/","title":{"rendered":"Transformateur HT01BD459"},"content":{"rendered":"","protected":false},"excerpt":{"rendered":"<p>Transformateur HT01BD459<\/p>\n<p>Cette pi\u00e8ce autoris\u00e9e est con\u00e7ue pour r\u00e9pondre aux sp\u00e9cifications exactes de Carrier afin de garantir la performance optimale du syst\u00e8me, une fiabilit\u00e9 \u00e9prouv\u00e9e ainsi qu&#8217;une installation et une maintenance faciles.<\/p>\n","protected":false},"featured_media":67,"comment_status":"open","ping_status":"closed","template":"","meta":[],"_links":{"self":[{"href":"https:\/\/piecesenligne.ca\/en\/wp-json\/wp\/v2\/product\/66"}],"collection":[{"href":"https:\/\/piecesenligne.ca\/en\/wp-json\/wp\/v2\/product"}],"about":[{"href":"https:\/\/piecesenligne.ca\/en\/wp-json\/wp\/v2\/types\/product"}],"replies":[{"embeddable":true,"href":"https:\/\/piecesenligne.ca\/en\/wp-json\/wp\/v2\/comments?post=66"}],"wp:featuredmedia":[{"embeddable":true,"href":"https:\/\/piecesenligne.ca\/en\/wp-json\/wp\/v2\/media\/67"}],"wp:attachment":[{"href":"https:\/\/piecesenligne.ca\/en\/wp-json\/wp\/v2\/media?parent=66"}],"curies":[{"name":"wp","href":"https:\/\/api.w.org\/{rel}","templated":true}]}}