{"id":64,"date":"2021-03-23T12:11:17","date_gmt":"2021-03-23T17:11:17","guid":{"rendered":"https:\/\/www.piecesenligne.ca\/?post_type=product&#038;p=64"},"modified":"2025-09-15T17:59:14","modified_gmt":"2025-09-15T22:59:14","slug":"circuit-imprime-hh84aa021","status":"publish","type":"product","link":"https:\/\/piecesenligne.ca\/en\/product\/circuit-imprime-hh84aa021\/","title":{"rendered":"Circuit imprim\u00e9 HH84AA021"},"content":{"rendered":"","protected":false},"excerpt":{"rendered":"<p>Circuit imprim\u00e9 de fournaise \u00e0 haut rendement HH84AA021<\/p>\n<p>Cette pi\u00e8ce autoris\u00e9e est con\u00e7ue pour r\u00e9pondre aux sp\u00e9cifications exactes de Carrier afin de garantir la performance optimale du syst\u00e8me, une fiabilit\u00e9 \u00e9prouv\u00e9e ainsi qu&#8217;une installation et une maintenance faciles.<\/p>\n<p>Remplace : CESO110019, HH84AA015 et P771-7007<\/p>\n","protected":false},"featured_media":65,"comment_status":"open","ping_status":"closed","template":"","meta":[],"_links":{"self":[{"href":"https:\/\/piecesenligne.ca\/en\/wp-json\/wp\/v2\/product\/64"}],"collection":[{"href":"https:\/\/piecesenligne.ca\/en\/wp-json\/wp\/v2\/product"}],"about":[{"href":"https:\/\/piecesenligne.ca\/en\/wp-json\/wp\/v2\/types\/product"}],"replies":[{"embeddable":true,"href":"https:\/\/piecesenligne.ca\/en\/wp-json\/wp\/v2\/comments?post=64"}],"wp:featuredmedia":[{"embeddable":true,"href":"https:\/\/piecesenligne.ca\/en\/wp-json\/wp\/v2\/media\/65"}],"wp:attachment":[{"href":"https:\/\/piecesenligne.ca\/en\/wp-json\/wp\/v2\/media?parent=64"}],"curies":[{"name":"wp","href":"https:\/\/api.w.org\/{rel}","templated":true}]}}