{"id":58,"date":"2021-03-21T19:37:05","date_gmt":"2021-03-22T00:37:05","guid":{"rendered":"https:\/\/www.piecesenligne.ca\/?post_type=product&#038;p=58"},"modified":"2025-09-15T17:59:16","modified_gmt":"2025-09-15T22:59:16","slug":"6-filtres-de-4-pouce-3-3-4","status":"publish","type":"product","link":"https:\/\/piecesenligne.ca\/en\/product\/6-filtres-de-4-pouce-3-3-4\/","title":{"rendered":"6 filtres de 4 pouce (3 3\/4&#8243;)"},"content":{"rendered":"","protected":false},"excerpt":{"rendered":"<p><span style=\"font-family: Arial;\">Contient 6 filtres.<\/span><\/p>\n<p><span style=\"font-family: Arial;\">&#8211; Filtres de remplacement fabriqu\u00e9 au QU\u00c9BEC<br \/>\n&#8211; Merv 8. Filtres de qualit\u00e9 pr\u00e9mium<br \/>\n&#8211; Filtres \u00e0 air conformes \u00e0 la norme ASHRAE 52.2<br \/>\n&#8211; Filtre \u00e0 plis en V pour une meilleure efficacit\u00e9<br \/>\n&#8211; S\u00e9rie 608 Merv 8. \u00e0 m\u00e9dia synth\u00e9tique \u00e0 grillage m\u00e9tallique galvanis\u00e9<br \/>\n<\/span><span style=\"font-family: Arial;\">&#8211; \u00c9paisseur r\u00e9elle : 3 3\/4 &#8220;<\/span><span style=\"font-family: Arial;\"><br \/>\n<\/span><span style=\"font-family: Arial;\">&#8211; Dur\u00e9e de vie : 4 \u00e0 6 mois<\/span><\/p>\n<p><strong>Avantages<\/strong><br \/>\n<span style=\"font-family: Arial;\">&#8211; Supprime plusieurs particules en suspension gr\u00e2ce au syst\u00e8me en V<br \/>\n&#8211; \u00c9limine plusieurs contaminants et filtre la poussi\u00e8re de la maison<br \/>\n&#8211; Am\u00e9liore la qualit\u00e9 de l&#8217;air ambiant<br \/>\n&#8211; Filtration de qualit\u00e9 sup\u00e9rieure- De qualit\u00e9 \u00e9quivalente \u00e0 toutes les marques<br \/>\n&#8211; Compatible : CAMFILL, HONEYWELL, CARRIER, LENNOX, YORK, BRYANT, GENERAL AIRE, \u00c9PURAIR, R\u00c9SERVEPRO, A\u00c9ROSTAR, MAXI AIR etc&#8230;<\/span><\/p>\n","protected":false},"featured_media":61,"comment_status":"open","ping_status":"closed","template":"","meta":[],"_links":{"self":[{"href":"https:\/\/piecesenligne.ca\/en\/wp-json\/wp\/v2\/product\/58"}],"collection":[{"href":"https:\/\/piecesenligne.ca\/en\/wp-json\/wp\/v2\/product"}],"about":[{"href":"https:\/\/piecesenligne.ca\/en\/wp-json\/wp\/v2\/types\/product"}],"replies":[{"embeddable":true,"href":"https:\/\/piecesenligne.ca\/en\/wp-json\/wp\/v2\/comments?post=58"}],"wp:featuredmedia":[{"embeddable":true,"href":"https:\/\/piecesenligne.ca\/en\/wp-json\/wp\/v2\/media\/61"}],"wp:attachment":[{"href":"https:\/\/piecesenligne.ca\/en\/wp-json\/wp\/v2\/media?parent=58"}],"curies":[{"name":"wp","href":"https:\/\/api.w.org\/{rel}","templated":true}]}}