{"id":42,"date":"2021-02-25T01:26:23","date_gmt":"2021-02-25T06:26:23","guid":{"rendered":"http:\/\/localhost\/vb\/?post_type=product&#038;p=42"},"modified":"2025-09-15T17:59:18","modified_gmt":"2025-09-15T22:59:18","slug":"ecobee3-lite","status":"publish","type":"product","link":"https:\/\/piecesenligne.ca\/en\/product\/ecobee3-lite\/","title":{"rendered":"ecobee3 lite"},"content":{"rendered":"","protected":false},"excerpt":{"rendered":"<p>Prix avantageux avec les caract\u00e9ristiques essentielles pour commencer \u00e0 vous faire \u00e9conomiser jusqu&#8217;\u00e0 23% par an sur le chauffage et la climatisation.<\/p>\n<p>&#8211; \u00c9conomisez jusqu&#8217;\u00e0 23% sur les co\u00fbts \u00e9nerg\u00e9tiques annuels<br \/>\n&#8211; Se contr\u00f4le de n&#8217;importe o\u00f9 sur iOS ou Android<br \/>\n&#8211; Apple HomeKit et autres int\u00e9grations<br \/>\n&#8211; Compatible avec SmartSensor<\/p>\n","protected":false},"featured_media":43,"comment_status":"open","ping_status":"closed","template":"","meta":[],"_links":{"self":[{"href":"https:\/\/piecesenligne.ca\/en\/wp-json\/wp\/v2\/product\/42"}],"collection":[{"href":"https:\/\/piecesenligne.ca\/en\/wp-json\/wp\/v2\/product"}],"about":[{"href":"https:\/\/piecesenligne.ca\/en\/wp-json\/wp\/v2\/types\/product"}],"replies":[{"embeddable":true,"href":"https:\/\/piecesenligne.ca\/en\/wp-json\/wp\/v2\/comments?post=42"}],"wp:featuredmedia":[{"embeddable":true,"href":"https:\/\/piecesenligne.ca\/en\/wp-json\/wp\/v2\/media\/43"}],"wp:attachment":[{"href":"https:\/\/piecesenligne.ca\/en\/wp-json\/wp\/v2\/media?parent=42"}],"curies":[{"name":"wp","href":"https:\/\/api.w.org\/{rel}","templated":true}]}}